{"id":793,"date":"2023-11-29T14:26:57","date_gmt":"2023-11-29T13:26:57","guid":{"rendered":"https:\/\/elisefleur.fr\/?page_id=793"},"modified":"2024-05-09T10:17:18","modified_gmt":"2024-05-09T08:17:18","slug":"conditions-generales-de-vente","status":"publish","type":"page","link":"https:\/\/elisefleur.fr\/?page_id=793","title":{"rendered":"Conditions g\u00e9n\u00e9rales"},"content":{"rendered":"\t\t<div data-elementor-type=\"wp-page\" data-elementor-id=\"793\" class=\"elementor elementor-793\">\n\t\t\t\t<div class=\"elementor-element elementor-element-d5cd741 e-flex e-con-boxed e-con e-parent\" data-id=\"d5cd741\" data-element_type=\"container\">\n\t\t\t\t\t<div class=\"e-con-inner\">\n\t\t\t\t<div class=\"elementor-element elementor-element-5028235 elementor-widget elementor-widget-heading\" data-id=\"5028235\" data-element_type=\"widget\" data-widget_type=\"heading.default\">\n\t\t\t\t<div class=\"elementor-widget-container\">\n\t\t\t\t\t<h2 class=\"elementor-heading-title elementor-size-default\">CONDITIONS G\u00c9N\u00c9RALES DE VENTE<\/h2>\t\t\t\t<\/div>\n\t\t\t\t<\/div>\n\t\t\t\t\t<\/div>\n\t\t\t\t<\/div>\n\t\t<div class=\"elementor-element elementor-element-bd28b4d e-flex e-con-boxed e-con e-parent\" data-id=\"bd28b4d\" data-element_type=\"container\">\n\t\t\t\t\t<div class=\"e-con-inner\">\n\t\t\t\t<div class=\"elementor-element elementor-element-4503e24 elementor-widget elementor-widget-text-editor\" data-id=\"4503e24\" data-element_type=\"widget\" data-widget_type=\"text-editor.default\">\n\t\t\t\t<div class=\"elementor-widget-container\">\n\t\t\t\t\t\t\t\t\t<h2 class=\"cci-header-1\" align=\"center\">Applicables \u00e0 compter du 01.01.2020<\/h2><h2 class=\"cci-header-1\">Clause n\u00b0 1 : Objet et champ d\u2019application<\/h2><p>Les pr\u00e9sentes conditions g\u00e9n\u00e9rales de vente (CGV) constituent le socle de la n\u00e9gociation commerciale et sont syst\u00e9matiquement adress\u00e9es ou remises \u00e0 chaque acheteur pour lui permettre de passer commande.<\/p><p>Les conditions g\u00e9n\u00e9rales de vente d\u00e9crites ci-apr\u00e8s d\u00e9taillent les droits et obligations de la soci\u00e9t\u00e9 Elise FLEUR et de son client dans le cadre de la vente des marchandises suivantes : coffre cl\u00e9 usb, poster personnalis\u00e9, livre photo, album photo et impression grand format.<\/p><p>Toute acceptation du devis\/bon de commande en ce compris la clause \u00ab Je reconnais avoir pris connaissance et j\u2019accepte les conditions g\u00e9n\u00e9rales de vente ci-annex\u00e9es \u00bb implique l\u2019adh\u00e9sion sans r\u00e9serve de l\u2019acheteur aux pr\u00e9sentes conditions g\u00e9n\u00e9rales de vente.<\/p><h2 class=\"cci-header-1\">Clause n\u00b0 2 : Prix<\/h2><p>Les prix des marchandises vendues sont ceux en vigueur au jour de la prise de commande. Ils sont libell\u00e9s en euros et calcul\u00e9s hors taxes. Par voie de cons\u00e9quence, ils seront major\u00e9s du taux de TVA et des frais de transport applicables au jour de la commande.<\/p><p>La soci\u00e9t\u00e9 Elise FLEUR s\u2019accorde le droit de modifier ses tarifs \u00e0 tout moment. Toutefois, elle s\u2019engage \u00e0 facturer les marchandises command\u00e9es aux prix indiqu\u00e9s lors de l\u2019enregistrement de la commande.<\/p><h2 class=\"cci-header-1\">Clause n\u00b0 3 : Rabais et ristournes<\/h2><p>Les tarifs propos\u00e9s comprennent les rabais et ristournes que la soci\u00e9t\u00e9 Elise FLEUR serait amen\u00e9e \u00e0 octroyer compte tenu de ses r\u00e9sultats ou de la prise en charge par l\u2019acheteur de certaines prestations.<\/p><h2 class=\"cci-header-1\">Clause n\u00b0 4 : Escompte<\/h2><p>Aucun escompte ne sera consenti en cas de paiement anticip\u00e9.<\/p><h2 class=\"cci-header-1\">Clause n\u00b0 5 : Modalit\u00e9s de paiement<\/h2><p>Le r\u00e8glement des commandes s\u2019effectue :<\/p><ul><li>soit par ch\u00e8que ;<\/li><li>soit par carte bancaire ;<\/li><li>soit en liquide.<\/li><\/ul><p>Les r\u00e8glements seront effectu\u00e9s aux conditions suivantes :<\/p><ul><li>Paiement \u00e0 30 jours suivant la r\u00e9ception des marchandises<\/li><\/ul><h2 class=\"cci-header-1\">Clause n\u00b0 6 : Retard de paiement<\/h2><p>En cas de d\u00e9faut de paiement total ou partiel des marchandises livr\u00e9es \u00e0 l\u2019\u00e9ch\u00e9ance, l\u2019acheteur doit verser \u00e0 la soci\u00e9t\u00e9 Elise FLEUR une p\u00e9nalit\u00e9 de retard \u00e9gale \u00e0 trois fois le taux de l\u2019int\u00e9r\u00eat l\u00e9gal.<\/p><p>Le taux de l\u2019int\u00e9r\u00eat l\u00e9gal retenu est celui en vigueur au jour de la livraison des marchandises.<\/p><p><span class=\"info-bubble\">A compter du 1er janvier 2015, le taux d\u2019int\u00e9r\u00eat l\u00e9gal sera r\u00e9vis\u00e9 tous les 6 mois\u00a0<span class=\"secondary-text\">(Ordonnance n\u00b02014-947 du 20 ao\u00fbt 2014)<\/span>.<\/span><\/p><p>Cette p\u00e9nalit\u00e9 est calcul\u00e9e sur le montant TTC de la somme restant due, et court \u00e0 compter de la date d\u2019\u00e9ch\u00e9ance du prix sans qu\u2019aucune mise en demeure pr\u00e9alable ne soit n\u00e9cessaire.<\/p><p>En sus des indemnit\u00e9s de retard, toute somme, y compris l\u2019acompte, non pay\u00e9e \u00e0 sa date d\u2019exigibilit\u00e9 produira de plein droit le paiement d\u2019une indemnit\u00e9 forfaitaire de 40 euros due au titre des frais de recouvrement.<\/p><p>Articles 441-10 et D. 441-5 du code de commerce.<\/p><h2 class=\"cci-header-1\">Clause n\u00b0 7 : Clause r\u00e9solutoire<\/h2><p>Si dans les quinze jours qui suivent la mise en \u0153uvre de la clause \u00ab Retard de paiement \u00bb, l\u2019acheteur ne s\u2019est pas acquitt\u00e9 des sommes restant dues, la vente sera r\u00e9solue de plein droit et pourra ouvrir droit \u00e0 l\u2019allocation de dommages et int\u00e9r\u00eats au profit de la soci\u00e9t\u00e9 Elise FLEUR.<\/p><h2 class=\"cci-header-1\">Clause n\u00b0 8 : Clause de r\u00e9serve de propri\u00e9t\u00e9<\/h2><p>La soci\u00e9t\u00e9 Elise FLEUR conserve la propri\u00e9t\u00e9 des biens vendus jusqu\u2019au paiement int\u00e9gral du prix, en principal et en accessoires. \u00c0 ce titre, si l\u2019acheteur fait l\u2019objet d\u2019un redressement ou d\u2019une liquidation judiciaire, la soci\u00e9t\u00e9 Elise FLEUR se r\u00e9serve le droit de revendiquer, dans le cadre de la proc\u00e9dure collective, les marchandises vendues et rest\u00e9es impay\u00e9es.<\/p><h2 class=\"cci-header-1\">Clause n\u00b0 9 : Livraison<\/h2><p>La livraison est effectu\u00e9e :<\/p><ul><li>soit par la remise directe de la marchandise \u00e0 l\u2019acheteur ;<\/li><li>soit par une soci\u00e9t\u00e9 de transport\/livraison ;<\/li><li>soit par le d\u00e9p\u00f4t de la marchandise\u00a0au lieu indiqu\u00e9 par l\u2019acheteur sur le bon de commande.<\/li><\/ul><p>Le d\u00e9lai de livraison indiqu\u00e9 lors de l\u2019enregistrement de la commande n\u2019est donn\u00e9 qu\u2019\u00e0 titre indicatif et n\u2019est aucunement garanti.<\/p><p>Par voie de cons\u00e9quence, tout retard raisonnable dans la livraison des produits ne pourra pas donner lieu au profit de l\u2019acheteur \u00e0 :<\/p><ul><li>l\u2019allocation de dommages et int\u00e9r\u00eats ;<\/li><li>l\u2019annulation de la commande.<\/li><\/ul><p>Le risque du transport est support\u00e9 en totalit\u00e9 par l\u2019acheteur.<\/p><p>En cas de marchandises manquantes ou d\u00e9t\u00e9rior\u00e9es lors du transport, l\u2019acheteur devra formuler toutes les r\u00e9serves n\u00e9cessaires sur le bon de commande \u00e0 r\u00e9ception desdites marchandises. Ces r\u00e9serves devront \u00eatre, en outre, confirm\u00e9es par \u00e9crit dans les cinq jours suivant la livraison, par courrier recommand\u00e9 AR adress\u00e9 \u00e0 la soci\u00e9t\u00e9.<\/p><h2 class=\"cci-header-1\">Clause n\u00b0 10 : Force majeure<\/h2><p>La responsabilit\u00e9 de la soci\u00e9t\u00e9 Elise FLEUR ne pourra pas \u00eatre mise en \u0153uvre si la non-ex\u00e9cution ou le retard dans l\u2019ex\u00e9cution de l\u2019une de ses obligations d\u00e9crites dans les pr\u00e9sentes conditions g\u00e9n\u00e9rales de vente d\u00e9coule d\u2019un cas de force majeure. \u00c0 ce titre, la force majeure s\u2019entend de tout \u00e9v\u00e9nement ext\u00e9rieur, impr\u00e9visible et irr\u00e9sistible au sens de l\u2019article 1148 du Code civil.<\/p><h2 class=\"cci-header-1\">Clause n\u00b0 11 : Tribunal comp\u00e9tent<\/h2><p>Tout litige relatif \u00e0 l\u2019interpr\u00e9tation et \u00e0 l\u2019ex\u00e9cution des pr\u00e9sentes conditions g\u00e9n\u00e9rales de vente est soumis au droit fran\u00e7ais.<\/p><p>\u00c0 d\u00e9faut de r\u00e9solution amiable, le litige sera port\u00e9 devant le Tribunal de commerce, 37 rue Edouard Vaillant, 37000 Tours.<\/p>\t\t\t\t\t\t\t\t<\/div>\n\t\t\t\t<\/div>\n\t\t\t\t\t<\/div>\n\t\t\t\t<\/div>\n\t\t\t\t<\/div>\n\t\t","protected":false},"excerpt":{"rendered":"<p>CONDITIONS G\u00c9N\u00c9RALES DE VENTE Applicables \u00e0 compter du 01.01.2020 Clause n\u00b0 1 : Objet et champ d\u2019application Les pr\u00e9sentes conditions g\u00e9n\u00e9rales de vente (CGV) constituent le socle de la n\u00e9gociation commerciale et sont syst\u00e9matiquement adress\u00e9es ou remises \u00e0 chaque acheteur pour lui permettre de passer commande. Les conditions g\u00e9n\u00e9rales de vente d\u00e9crites ci-apr\u00e8s d\u00e9taillent les &hellip; <\/p>\n<p class=\"link-more\"><a href=\"https:\/\/elisefleur.fr\/?page_id=793\" class=\"more-link\">Read more<span class=\"screen-reader-text\"> &#8220;Conditions g\u00e9n\u00e9rales&#8221;<\/span><\/a><\/p>\n","protected":false},"author":1,"featured_media":0,"parent":0,"menu_order":0,"comment_status":"closed","ping_status":"closed","template":"","meta":{"footnotes":""},"class_list":["post-793","page","type-page","status-publish","hentry"],"aioseo_notices":[],"_links":{"self":[{"href":"https:\/\/elisefleur.fr\/index.php?rest_route=\/wp\/v2\/pages\/793","targetHints":{"allow":["GET"]}}],"collection":[{"href":"https:\/\/elisefleur.fr\/index.php?rest_route=\/wp\/v2\/pages"}],"about":[{"href":"https:\/\/elisefleur.fr\/index.php?rest_route=\/wp\/v2\/types\/page"}],"author":[{"embeddable":true,"href":"https:\/\/elisefleur.fr\/index.php?rest_route=\/wp\/v2\/users\/1"}],"replies":[{"embeddable":true,"href":"https:\/\/elisefleur.fr\/index.php?rest_route=%2Fwp%2Fv2%2Fcomments&post=793"}],"version-history":[{"count":9,"href":"https:\/\/elisefleur.fr\/index.php?rest_route=\/wp\/v2\/pages\/793\/revisions"}],"predecessor-version":[{"id":2199,"href":"https:\/\/elisefleur.fr\/index.php?rest_route=\/wp\/v2\/pages\/793\/revisions\/2199"}],"wp:attachment":[{"href":"https:\/\/elisefleur.fr\/index.php?rest_route=%2Fwp%2Fv2%2Fmedia&parent=793"}],"curies":[{"name":"wp","href":"https:\/\/api.w.org\/{rel}","templated":true}]}}